{"id":6178,"date":"2022-10-18T14:10:27","date_gmt":"2022-10-18T18:10:27","guid":{"rendered":"https:\/\/posiflexdesign.com\/evenements"},"modified":"2025-02-14T16:14:43","modified_gmt":"2025-02-14T20:14:43","slug":"evenements","status":"publish","type":"page","link":"https:\/\/posiflexdesign.com\/en\/evenements","title":{"rendered":"Events"},"content":{"rendered":"\t\t<div data-elementor-type=\"wp-page\" data-elementor-id=\"6178\" class=\"elementor elementor-6178\">\n\t\t\t\t\t\t<section class=\"elementor-section elementor-top-section elementor-element elementor-element-638cec3 elementor-section-boxed elementor-section-height-default elementor-section-height-default\" data-id=\"638cec3\" data-element_type=\"section\" data-e-type=\"section\" data-settings=\"{&quot;background_background&quot;:&quot;classic&quot;}\">\n\t\t\t\t\t\t<div class=\"elementor-container elementor-column-gap-no\">\n\t\t\t\t\t<div class=\"elementor-column elementor-col-100 elementor-top-column elementor-element elementor-element-c222c9b\" data-id=\"c222c9b\" data-element_type=\"column\" data-e-type=\"column\">\n\t\t\t<div class=\"elementor-widget-wrap elementor-element-populated\">\n\t\t\t\t\t\t<div class=\"elementor-element elementor-element-02e0fa6 elementor-widget elementor-widget-heading\" data-id=\"02e0fa6\" data-element_type=\"widget\" data-e-type=\"widget\" data-widget_type=\"heading.default\">\n\t\t\t\t<div class=\"elementor-widget-container\">\n\t\t\t\t\t<h1 class=\"elementor-heading-title elementor-size-default\">Events<\/h1>\t\t\t\t<\/div>\n\t\t\t\t<\/div>\n\t\t\t\t<div class=\"elementor-element elementor-element-ad5dc66 elementor-widget elementor-widget-heading\" data-id=\"ad5dc66\" data-element_type=\"widget\" data-e-type=\"widget\" data-widget_type=\"heading.default\">\n\t\t\t\t<div class=\"elementor-widget-container\">\n\t\t\t\t\t<div class=\"elementor-heading-title elementor-size-default\">Come try our products and learn more about good ergonomic\u200b working<\/div>\t\t\t\t<\/div>\n\t\t\t\t<\/div>\n\t\t\t\t\t<\/div>\n\t\t<\/div>\n\t\t\t\t\t<\/div>\n\t\t<\/section>\n\t\t\t\t<section class=\"elementor-section elementor-top-section elementor-element elementor-element-a5535dc elementor-section-boxed elementor-section-height-default elementor-section-height-default\" data-id=\"a5535dc\" data-element_type=\"section\" data-e-type=\"section\">\n\t\t\t\t\t\t<div class=\"elementor-container elementor-column-gap-default\">\n\t\t\t\t\t<div class=\"elementor-column elementor-col-100 elementor-top-column elementor-element elementor-element-811b86c\" data-id=\"811b86c\" data-element_type=\"column\" data-e-type=\"column\">\n\t\t\t<div class=\"elementor-widget-wrap elementor-element-populated\">\n\t\t\t\t\t\t<section class=\"elementor-section elementor-inner-section elementor-element elementor-element-0a948fe elementor-section-boxed elementor-section-height-default elementor-section-height-default\" data-id=\"0a948fe\" data-element_type=\"section\" data-e-type=\"section\">\n\t\t\t\t\t\t<div class=\"elementor-container elementor-column-gap-default\">\n\t\t\t\t\t<div class=\"elementor-column elementor-col-50 elementor-inner-column elementor-element elementor-element-caead98\" data-id=\"caead98\" data-element_type=\"column\" data-e-type=\"column\">\n\t\t\t<div class=\"elementor-widget-wrap elementor-element-populated\">\n\t\t\t\t\t\t<div class=\"elementor-element elementor-element-d34b4ba elementor-widget elementor-widget-text-editor\" data-id=\"d34b4ba\" data-element_type=\"widget\" data-e-type=\"widget\" data-widget_type=\"text-editor.default\">\n\t\t\t\t<div class=\"elementor-widget-container\">\n\t\t\t\t\t\t\t\t\t<p><span style=\"color: #800000;\"><strong>June 2-3, 2025<\/strong><\/span><\/p>\t\t\t\t\t\t\t\t<\/div>\n\t\t\t\t<\/div>\n\t\t\t\t\t<\/div>\n\t\t<\/div>\n\t\t\t\t<div class=\"elementor-column elementor-col-50 elementor-inner-column elementor-element elementor-element-cdbdfbc\" data-id=\"cdbdfbc\" data-element_type=\"column\" data-e-type=\"column\">\n\t\t\t<div class=\"elementor-widget-wrap elementor-element-populated\">\n\t\t\t\t\t\t<div class=\"elementor-element elementor-element-cc1ddc0 elementor-widget elementor-widget-text-editor\" data-id=\"cc1ddc0\" data-element_type=\"widget\" data-e-type=\"widget\" data-widget_type=\"text-editor.default\">\n\t\t\t\t<div class=\"elementor-widget-container\">\n\t\t\t\t\t\t\t\t\t<p><strong><span style=\"font-size: 1.2em;\">Les Journ\u00e9es Dentaires Internationales du Qu\u00e9bec<\/span><br \/><\/strong><span style=\"font-size: 0.8em;\">Palais des congr\u00e8s de Montr\u00e9al, Qu\u00e9bec (<strong>Canada<\/strong>)<br \/>Booth #1221<\/span><\/p>\t\t\t\t\t\t\t\t<\/div>\n\t\t\t\t<\/div>\n\t\t\t\t<div class=\"elementor-element elementor-element-acc8129 elementor-button-warning elementor-align-left elementor-widget elementor-widget-button\" data-id=\"acc8129\" data-element_type=\"widget\" data-e-type=\"widget\" data-widget_type=\"button.default\">\n\t\t\t\t<div class=\"elementor-widget-container\">\n\t\t\t\t\t\t\t\t\t<div class=\"elementor-button-wrapper\">\n\t\t\t\t\t<a class=\"elementor-button elementor-button-link elementor-size-xs\" href=\"https:\/\/jdiq.ca\/en\/the-exhibition\/\" target=\"_blank\">\n\t\t\t\t\t\t<span class=\"elementor-button-content-wrapper\">\n\t\t\t\t\t\t\t\t\t<span class=\"elementor-button-text\">Learn more<\/span>\n\t\t\t\t\t<\/span>\n\t\t\t\t\t<\/a>\n\t\t\t\t<\/div>\n\t\t\t\t\t\t\t\t<\/div>\n\t\t\t\t<\/div>\n\t\t\t\t\t<\/div>\n\t\t<\/div>\n\t\t\t\t\t<\/div>\n\t\t<\/section>\n\t\t\t\t<div class=\"elementor-element elementor-element-e739a39 elementor-widget-divider--view-line elementor-widget elementor-widget-divider\" data-id=\"e739a39\" data-element_type=\"widget\" data-e-type=\"widget\" data-widget_type=\"divider.default\">\n\t\t\t\t<div class=\"elementor-widget-container\">\n\t\t\t\t\t\t\t<div class=\"elementor-divider\">\n\t\t\t<span class=\"elementor-divider-separator\">\n\t\t\t\t\t\t<\/span>\n\t\t<\/div>\n\t\t\t\t\t\t<\/div>\n\t\t\t\t<\/div>\n\t\t\t\t\t<\/div>\n\t\t<\/div>\n\t\t\t\t\t<\/div>\n\t\t<\/section>\n\t\t\t\t<\/div>\n\t\t","protected":false},"excerpt":{"rendered":"<p>Events Come try our products and learn more about good ergonomic\u200b working June 2-3, 2025 Les Journ\u00e9es Dentaires Internationales du Qu\u00e9becPalais des congr\u00e8s de Montr\u00e9al, Qu\u00e9bec (Canada)Booth #1221 Learn more<\/p>\n","protected":false},"author":3,"featured_media":0,"parent":0,"menu_order":0,"comment_status":"closed","ping_status":"closed","template":"elementor_header_footer","meta":{"footnotes":""},"class_list":["post-6178","page","type-page","status-publish","hentry"],"yoast_head":"<!-- This site is optimized with the Yoast SEO plugin v26.9 - https:\/\/yoast.com\/product\/yoast-seo-wordpress\/ -->\n<title>Events - Posiflex Design Inc.<\/title>\n<meta name=\"robots\" content=\"index, follow, max-snippet:-1, max-image-preview:large, max-video-preview:-1\" \/>\n<link rel=\"canonical\" href=\"https:\/\/posiflexdesign.com\/en\/evenements\" \/>\n<meta property=\"og:locale\" content=\"en_US\" \/>\n<meta property=\"og:type\" content=\"article\" \/>\n<meta property=\"og:title\" content=\"Events - Posiflex Design Inc.\" \/>\n<meta property=\"og:description\" content=\"Events Come try our products and learn more about good ergonomic\u200b working June 2-3, 2025 Les Journ\u00e9es Dentaires Internationales du Qu\u00e9becPalais des congr\u00e8s de Montr\u00e9al, Qu\u00e9bec (Canada)Booth #1221 Learn more\" \/>\n<meta property=\"og:url\" content=\"https:\/\/posiflexdesign.com\/en\/evenements\" \/>\n<meta property=\"og:site_name\" content=\"Posiflex Design Inc.\" \/>\n<meta property=\"article:modified_time\" content=\"2025-02-14T20:14:43+00:00\" \/>\n<meta name=\"twitter:card\" content=\"summary_large_image\" \/>\n<meta name=\"twitter:label1\" content=\"Est. reading time\" \/>\n\t<meta name=\"twitter:data1\" content=\"1 minute\" \/>\n<script type=\"application\/ld+json\" class=\"yoast-schema-graph\">{\"@context\":\"https:\/\/schema.org\",\"@graph\":[{\"@type\":\"WebPage\",\"@id\":\"https:\/\/posiflexdesign.com\/en\/evenements\",\"url\":\"https:\/\/posiflexdesign.com\/en\/evenements\",\"name\":\"Events - Posiflex Design Inc.\",\"isPartOf\":{\"@id\":\"https:\/\/posiflexdesign.com\/en\/#website\"},\"datePublished\":\"2022-10-18T18:10:27+00:00\",\"dateModified\":\"2025-02-14T20:14:43+00:00\",\"breadcrumb\":{\"@id\":\"https:\/\/posiflexdesign.com\/en\/evenements#breadcrumb\"},\"inLanguage\":\"en-US\",\"potentialAction\":[{\"@type\":\"ReadAction\",\"target\":[\"https:\/\/posiflexdesign.com\/en\/evenements\"]}]},{\"@type\":\"BreadcrumbList\",\"@id\":\"https:\/\/posiflexdesign.com\/en\/evenements#breadcrumb\",\"itemListElement\":[{\"@type\":\"ListItem\",\"position\":1,\"name\":\"Accueil\",\"item\":\"https:\/\/posiflexdesign.com\/en\"},{\"@type\":\"ListItem\",\"position\":2,\"name\":\"Events\"}]},{\"@type\":\"WebSite\",\"@id\":\"https:\/\/posiflexdesign.com\/en\/#website\",\"url\":\"https:\/\/posiflexdesign.com\/en\/\",\"name\":\"Posiflex Design Inc.\",\"description\":\"La performance par le confort\",\"publisher\":{\"@id\":\"https:\/\/posiflexdesign.com\/en\/#organization\"},\"potentialAction\":[{\"@type\":\"SearchAction\",\"target\":{\"@type\":\"EntryPoint\",\"urlTemplate\":\"https:\/\/posiflexdesign.com\/en\/?s={search_term_string}\"},\"query-input\":{\"@type\":\"PropertyValueSpecification\",\"valueRequired\":true,\"valueName\":\"search_term_string\"}}],\"inLanguage\":\"en-US\"},{\"@type\":\"Organization\",\"@id\":\"https:\/\/posiflexdesign.com\/en\/#organization\",\"name\":\"Posiflex Design Inc.\",\"url\":\"https:\/\/posiflexdesign.com\/en\/\",\"logo\":{\"@type\":\"ImageObject\",\"inLanguage\":\"en-US\",\"@id\":\"https:\/\/posiflexdesign.com\/en\/#\/schema\/logo\/image\/\",\"url\":\"https:\/\/posiflexdesign.com\/wp-content\/uploads\/2022\/05\/logo-posiflex-web2022.jpg\",\"contentUrl\":\"https:\/\/posiflexdesign.com\/wp-content\/uploads\/2022\/05\/logo-posiflex-web2022.jpg\",\"width\":700,\"height\":252,\"caption\":\"Posiflex Design Inc.\"},\"image\":{\"@id\":\"https:\/\/posiflexdesign.com\/en\/#\/schema\/logo\/image\/\"}}]}<\/script>\n<!-- \/ Yoast SEO plugin. -->","yoast_head_json":{"title":"Events - Posiflex Design Inc.","robots":{"index":"index","follow":"follow","max-snippet":"max-snippet:-1","max-image-preview":"max-image-preview:large","max-video-preview":"max-video-preview:-1"},"canonical":"https:\/\/posiflexdesign.com\/en\/evenements","og_locale":"en_US","og_type":"article","og_title":"Events - Posiflex Design Inc.","og_description":"Events Come try our products and learn more about good ergonomic\u200b working June 2-3, 2025 Les Journ\u00e9es Dentaires Internationales du Qu\u00e9becPalais des congr\u00e8s de Montr\u00e9al, Qu\u00e9bec (Canada)Booth #1221 Learn more","og_url":"https:\/\/posiflexdesign.com\/en\/evenements","og_site_name":"Posiflex Design Inc.","article_modified_time":"2025-02-14T20:14:43+00:00","twitter_card":"summary_large_image","twitter_misc":{"Est. reading time":"1 minute"},"schema":{"@context":"https:\/\/schema.org","@graph":[{"@type":"WebPage","@id":"https:\/\/posiflexdesign.com\/en\/evenements","url":"https:\/\/posiflexdesign.com\/en\/evenements","name":"Events - Posiflex Design Inc.","isPartOf":{"@id":"https:\/\/posiflexdesign.com\/en\/#website"},"datePublished":"2022-10-18T18:10:27+00:00","dateModified":"2025-02-14T20:14:43+00:00","breadcrumb":{"@id":"https:\/\/posiflexdesign.com\/en\/evenements#breadcrumb"},"inLanguage":"en-US","potentialAction":[{"@type":"ReadAction","target":["https:\/\/posiflexdesign.com\/en\/evenements"]}]},{"@type":"BreadcrumbList","@id":"https:\/\/posiflexdesign.com\/en\/evenements#breadcrumb","itemListElement":[{"@type":"ListItem","position":1,"name":"Accueil","item":"https:\/\/posiflexdesign.com\/en"},{"@type":"ListItem","position":2,"name":"Events"}]},{"@type":"WebSite","@id":"https:\/\/posiflexdesign.com\/en\/#website","url":"https:\/\/posiflexdesign.com\/en\/","name":"Posiflex Design Inc.","description":"La performance par le confort","publisher":{"@id":"https:\/\/posiflexdesign.com\/en\/#organization"},"potentialAction":[{"@type":"SearchAction","target":{"@type":"EntryPoint","urlTemplate":"https:\/\/posiflexdesign.com\/en\/?s={search_term_string}"},"query-input":{"@type":"PropertyValueSpecification","valueRequired":true,"valueName":"search_term_string"}}],"inLanguage":"en-US"},{"@type":"Organization","@id":"https:\/\/posiflexdesign.com\/en\/#organization","name":"Posiflex Design Inc.","url":"https:\/\/posiflexdesign.com\/en\/","logo":{"@type":"ImageObject","inLanguage":"en-US","@id":"https:\/\/posiflexdesign.com\/en\/#\/schema\/logo\/image\/","url":"https:\/\/posiflexdesign.com\/wp-content\/uploads\/2022\/05\/logo-posiflex-web2022.jpg","contentUrl":"https:\/\/posiflexdesign.com\/wp-content\/uploads\/2022\/05\/logo-posiflex-web2022.jpg","width":700,"height":252,"caption":"Posiflex Design Inc."},"image":{"@id":"https:\/\/posiflexdesign.com\/en\/#\/schema\/logo\/image\/"}}]}},"_links":{"self":[{"href":"https:\/\/posiflexdesign.com\/en\/wp-json\/wp\/v2\/pages\/6178","targetHints":{"allow":["GET"]}}],"collection":[{"href":"https:\/\/posiflexdesign.com\/en\/wp-json\/wp\/v2\/pages"}],"about":[{"href":"https:\/\/posiflexdesign.com\/en\/wp-json\/wp\/v2\/types\/page"}],"author":[{"embeddable":true,"href":"https:\/\/posiflexdesign.com\/en\/wp-json\/wp\/v2\/users\/3"}],"replies":[{"embeddable":true,"href":"https:\/\/posiflexdesign.com\/en\/wp-json\/wp\/v2\/comments?post=6178"}],"version-history":[{"count":38,"href":"https:\/\/posiflexdesign.com\/en\/wp-json\/wp\/v2\/pages\/6178\/revisions"}],"predecessor-version":[{"id":7004,"href":"https:\/\/posiflexdesign.com\/en\/wp-json\/wp\/v2\/pages\/6178\/revisions\/7004"}],"wp:attachment":[{"href":"https:\/\/posiflexdesign.com\/en\/wp-json\/wp\/v2\/media?parent=6178"}],"curies":[{"name":"wp","href":"https:\/\/api.w.org\/{rel}","templated":true}]}}